{"id":12,"date":"2020-05-17T17:40:04","date_gmt":"2020-05-17T17:40:04","guid":{"rendered":"http:\/\/dps-conseil.com\/index.php\/empowerwp-pro\/"},"modified":"2020-07-04T23:40:15","modified_gmt":"2020-07-04T23:40:15","slug":"empowerwp-pro","status":"publish","type":"page","link":"https:\/\/dps-conseil.com\/","title":{"rendered":"accueil"},"content":{"rendered":"<div  id=\"overlappable-3\" class=\"overlappable-3 content-section content-section-spacing\" style=\"background-color: #ffffff;\" data-label=\"Overlappable\" data-id=\"overlappable--2\" data-export-id=\"overlappable-3\" data-category=\"overlappable\" data-overlap=\"true\">\n<div  class=\"gridContainer\">\n<div  class=\"row bg-color-white shadow-medium\">\n<div  class=\"col-xs-12 col-sm-6 image-col first-image-col\" style=\"background-image: url('http:\/\/dps-conseil.com\/wp-content\/uploads\/2020\/05\/cropped-LOGO-DPS.png');\" data-bg=\"image\"><\/div>\n<div  class=\"col-xs-12 col-sm-6 content-col col-padding col-padding-xs\">\n<div  class=\"col-padding\" data-type=\"column\">\n<h4  class=\"\"><span style=\"color: rgb(0, 128, 128);\" >Dynamics Power Systems est une soci\u00e9t\u00e9 de conseil en gestion d\u2019\u00e9nergie et de solutions \u00e9nerg\u00e9tiques de pointe qui dessert le march\u00e9 de l\u2019industrie africaine.<\/span><\/h4>\n<p  class=\"\">Nous d\u00e9veloppons des perspectives strat\u00e9giques globales, identifions des solutions \u00e9nerg\u00e9tiques adapt\u00e9es et fournissons des services sur mesure pour nos clients dans les secteurs des services publics, des mines, du p\u00e9trole et du gaz, des b\u00e2timents commerciaux et industriels.<\/p>\n<a  class=\"button force-shadow color1 round\" href=\"http:\/\/dps-conseil.com\/index.php\/nouveau\" rel=\"noopener noreferrer\" data-cp-link=\"1\" data-icon=\"\">En Savoir Plus\u2026<\/a>\n\n<\/div>\n<\/div>\n<\/div>\n<div  class=\"row bg-color-white shadow-medium\">\n<div  class=\"col-xs-12 col-sm-6 content-col col-padding col-padding-xs\">\n<div  class=\"col-padding\" data-type=\"column\">\n<h4  class=\"\"><span style=\"color: rgb(0, 128, 128);\" >La mission de DPS est d\u2019aider au d\u00e9veloppement rapide d\u2019un approvisionnement durable en \u00e9nergie partout en Afrique.<\/span><\/h4>\n<p  class=\"\">Notre objectif est d\u2019apporter un approvisionnement en \u00e9lectricit\u00e9 abordable, propre, fiable et de qualit\u00e9 aux secteurs industriels, commerciaux et r\u00e9sidentiels qui desservent les zones urbaines ainsi que rurales.<\/p>\n<a  class=\"button force-shadow color1 round\" href=\"http:\/\/dps-conseil.com\/index.php\/nouveau\" rel=\"noopener noreferrer\" data-cp-link=\"1\" data-icon=\"\">En Savoir Plus\u2026<\/a>\n\n<\/div>\n<\/div>\n<div  class=\"col-xs-12 col-sm-6 image-col second-image-col first-xs last-sm\" style=\"background-image: url('http:\/\/dps-conseil.com\/wp-content\/uploads\/2020\/05\/cropped-Africa-Solar-Panels.jpg');\" data-bg=\"image\"><\/div>\n<\/div>\n<\/div>\n<\/div><div  id=\"cta-1\" class=\"cta-centered-bg-section content-section content-section-spacing-medium white-text\" style=\"background-color: #008080; background-size: cover; background-position: center top; background-image: url('http:\/\/dps-conseil.com\/wp-content\/uploads\/2020\/05\/minigrid.jpg');\" data-label=\"Cta\" data-id=\"cta--1\" data-export-id=\"cta-centered-bg-section\" data-category=\"cta\" data-section-ov=\"1\" data-parallax-depth=\"20\">\n<div  class=\"gridContainer\">\n<div  class=\"row text-center\">\n<div  class=\"\" data-type=\"column\">\n<h2  class=\"\"><span  style=\"font-weight: bold;\">Notre vision ultime pour l\u2019Afrique est de r\u00e9volutionner les infrastructures \u00e9nerg\u00e9tiques en offrant des solutions innovantes bas\u00e9es sur les derni\u00e8res technologies afin de d\u00e9mocratiser l\u2019acc\u00e8s \u00e0 l\u2019\u00e9nergie et d\u2019acc\u00e9l\u00e9rer le d\u00e9veloppement des villes et des villages du continent Africain.<\/span><\/h2>\n<a class=\"button big force-shadow color-white round\" href=\"http:\/\/dps-conseil.com\/index.php\/nouveau\" rel=\"noopener noreferrer\" data-cp-link=\"1\" data-icon=\"\" target=\"_self\">En Savoir Plus\u2026<\/a>\n\n<\/div>\n<\/div>\n<\/div>\n<\/div><div  id=\"features-11\" class=\"features-16-card-bordered-colored content-section content-section-spacing\" style=\"background-color: #f5fafd;\" data-label=\"Features\" data-id=\"features--1\" data-export-id=\"features-16-card-bordered-colored\" data-category=\"features\">\n<div  class=\"gridContainer\">\n<div  class=\"row text-center\">\n<div  class=\"section-title-col\" data-type=\"column\">\n<h2  class=\"\"><span  style=\"color: #008080; font-weight: bold;\">Notre Expertise &amp; Nos Services\u2026<\/span><\/h2>\n<p  class=\"lead\">Notre \u00e9quipe de consultants et d\u2019experts de l\u2019industrie a fait ses preuves depuis 15 ans dans les domaines de la durabilit\u00e9, de la fiabilit\u00e9 des performances op\u00e9rationnelles, de l\u2019efficacit\u00e9 \u00e9nerg\u00e9tique, de la r\u00e9silience \u00e9nerg\u00e9tique, des solutions de production d\u2019\u00e9lectricit\u00e9 connect\u00e9e ou isol\u00e9e du r\u00e9seau abordables et propres.<\/p>\n\n<\/div>\n<\/div>\n<div  class=\"row spaced-cols\" data-type=\"row\">\n<div  class=\"col-xs-12 col-sm-6 col-md-3 \">\n<div  class=\"card no-padding bottom-border-color1\"><img decoding=\"async\"  class=\"face\" title=\"cropped-strengthening_sales_and_operations_planning_analysis_wide-1.jpg\" src=\"http:\/\/dps-conseil.com\/wp-content\/uploads\/2020\/05\/cropped-strengthening_sales_and_operations_planning_analysis_wide-1.jpg\" alt=\"\">\n<div  class=\"col-padding-small col-padding-small-xs description-container\" data-type=\"column\">\n<h4  class=\"font-500 color1\" style=\"text-align: center;\"><span  style=\"color: #008080;\">Am\u00e9liorez<\/span><\/h4>\n<p  class=\"\">Lorem ipsum dolor sit amet, consectetur adipiscing elit, sed do eiusmod tempor incididunt ut labore et dolore magna aliqua. Ut enim ad minim veniam, quis nostrud exercitation.<\/p>\n\n<\/div>\n<div  class=\"col-padding-small col-padding-small-xs read-more-container\" data-type=\"column\"><a  class=\"read-more\" href=\"http:\/\/dps-conseil.com\/index.php\/nos-services\" rel=\"noopener noreferrer\" data-cp-link=\"1\">En Savoir Plus\u2026<\/a><\/div>\n<\/div>\n<\/div>\n<div  class=\"col-xs-12 col-sm-6 col-md-3 \">\n<div  class=\"card no-padding bottom-border-color1\"><img decoding=\"async\"  class=\"face\" title=\"cropped-11-1-scaled-2.jpg\" src=\"http:\/\/dps-conseil.com\/wp-content\/uploads\/2020\/05\/cropped-11-1-scaled-2.jpg\" alt=\"\">\n<div  class=\"col-padding-small col-padding-small-xs description-container\" data-type=\"column\">\n<h4  class=\"font-500 color1\" style=\"text-align: center;\"><span  style=\"color: #008080;\">Optimisez<\/span><\/h4>\n<p  class=\"\">Lorem ipsum dolor sit amet, consectetur adipiscing elit, sed do eiusmod tempor incididunt ut labore et dolore magna aliqua. Ut enim ad minim veniam, quis nostrud exercitation.<\/p>\n\n<\/div>\n<div  class=\"col-padding-small col-padding-small-xs read-more-container\" data-type=\"column\"><a  class=\"read-more\" href=\"http:\/\/dps-conseil.com\/index.php\/nos-services\" rel=\"noopener noreferrer\" data-cp-link=\"1\">En Savoir Plus\u2026<\/a><\/div>\n<\/div>\n<\/div>\n<div  class=\"col-xs-12 col-sm-6 col-md-3 \">\n<div  class=\"card no-padding bottom-border-color1\"><img decoding=\"async\"  class=\"face\" title=\"cropped-artificial-intelligence-768x512-1-1.jpg\" src=\"http:\/\/dps-conseil.com\/wp-content\/uploads\/2020\/05\/cropped-artificial-intelligence-768x512-1-1.jpg\" alt=\"\">\n<div  class=\"col-padding-small col-padding-small-xs description-container\" data-type=\"column\">\n<h4  class=\"font-500 color1\" style=\"text-align: center;\"><span  style=\"color: #008080;\">Exploitez<\/span><\/h4>\n<p  class=\"\">Lorem ipsum dolor sit amet, consectetur adipiscing elit, sed do eiusmod tempor incididunt ut labore et dolore magna aliqua. Ut enim ad minim veniam, quis nostrud exercitation.<\/p>\n\n<\/div>\n<div  class=\"col-padding-small col-padding-small-xs read-more-container\" data-type=\"column\"><a  class=\"read-more\" href=\"http:\/\/dps-conseil.com\/index.php\/nouveau\" rel=\"noopener noreferrer\" data-cp-link=\"1\" data-wplink-edit=\"true\">En Savoir Plus\u2026<\/a><\/div>\n<\/div>\n<\/div>\n<div  class=\"col-xs-12 col-sm-6 col-md-3\">\n<div  class=\"card no-padding bottom-border-color1\"><a href=\"#\" target=\"_self\" rel=\"noopener noreferrer\" data-cp-link=\"1\"><img decoding=\"async\"  class=\"face\" src=\"http:\/\/dps-conseil.com\/wp-content\/uploads\/2020\/05\/cropped-pic10-1-flip-1.jpg\"><\/a>\n<div  class=\"col-padding-small col-padding-small-xs description-container\" data-type=\"column\">\n<h4  class=\"font-500 color1\" style=\"text-align: center;\"><span  style=\"color: #008080;\">Responsabilisons<\/span><\/h4>\n<p  class=\"\">Lorem ipsum dolor sit amet, consectetur adipiscing elit, sed do eiusmod tempor incididunt ut labore et dolore magna aliqua. Ut enim ad minim veniam, quis nostrud exercitation.<\/p>\n\n<\/div>\n<div  class=\"col-padding-small col-padding-small-xs read-more-container\" data-type=\"column\"><a  class=\"read-more\" href=\"http:\/\/dps-conseil.com\/index.php\/nos-services\" rel=\"noopener noreferrer\" data-cp-link=\"1\">En Savoir Plus\u2026<\/a><\/div>\n<\/div>\n<\/div>\n<\/div>\n<\/div>\n<\/div><div  id=\"content-1\" class=\"content-8 content-section content-section-spacing\" style=\"background-color: #ffffff;\" data-label=\"Content\" data-id=\"content--1\" data-export-id=\"content-8\" data-category=\"content\">\n<div  class=\"gridContainer\">\n<div  class=\"row middle-sm\">\n<div  class=\"col-sm-6 space-bottom-xs space-top-xs\" data-type=\"column\"><img decoding=\"async\"  class=\"shadow-large\" title=\"cropped-388851cba4d2d9fd7c59b5b59ce54d39-1.jpg\" src=\"http:\/\/dps-conseil.com\/wp-content\/uploads\/2020\/05\/cropped-388851cba4d2d9fd7c59b5b59ce54d39-1.jpg\" alt=\"\"><\/div>\n<div  class=\"col-sm-6\" data-type=\"column\">\n<h2  class=\"\"><span  style=\"color: #008080; font-weight: bold;\">Dites-nous en plus\u2026<\/span><\/h2>\n<p  class=\"\">Vous avez besoin de conseil, d\u2019expertise ou encore de plus d\u2019informations sur nos services, nos experts se feront de un plaisir de vous r\u00e9pondre\u2026<\/p>\n<a class=\"button big force-shadow color1 round\" href=\"http:\/\/dps-conseil.com\/index.php\/nous-contacter\" target=\"_self\" rel=\"noopener noreferrer\" data-cp-link=\"1\" data-icon=\"\">Contactez-nous\u2026<\/a>\n\n<\/div>\n<\/div>\n<\/div>\n<\/div>","protected":false},"excerpt":{"rendered":"<p>Dynamics Power Systems est une soci\u00e9t\u00e9 de conseil en gestion d\u2019\u00e9nergie et de solutions \u00e9nerg\u00e9tiques de pointe qui dessert le march\u00e9 de l\u2019industrie africaine. Nous d\u00e9veloppons des perspectives strat\u00e9giques globales, identifions des solutions \u00e9nerg\u00e9tiques adapt\u00e9es et fournissons des services sur mesure pour nos clients dans les secteurs des services publics, des mines, du p\u00e9trole et&hellip; <br \/> <a class=\"read-more\" href=\"https:\/\/dps-conseil.com\/\">Read more<\/a><\/p>\n","protected":false},"author":1,"featured_media":0,"parent":0,"menu_order":0,"comment_status":"closed","ping_status":"closed","template":"pro\/page-templates\/full-width-homepage-header.php","meta":{"footnotes":""},"class_list":["post-12","page","type-page","status-publish","hentry"],"_links":{"self":[{"href":"https:\/\/dps-conseil.com\/index.php\/wp-json\/wp\/v2\/pages\/12","targetHints":{"allow":["GET"]}}],"collection":[{"href":"https:\/\/dps-conseil.com\/index.php\/wp-json\/wp\/v2\/pages"}],"about":[{"href":"https:\/\/dps-conseil.com\/index.php\/wp-json\/wp\/v2\/types\/page"}],"author":[{"embeddable":true,"href":"https:\/\/dps-conseil.com\/index.php\/wp-json\/wp\/v2\/users\/1"}],"replies":[{"embeddable":true,"href":"https:\/\/dps-conseil.com\/index.php\/wp-json\/wp\/v2\/comments?post=12"}],"version-history":[{"count":24,"href":"https:\/\/dps-conseil.com\/index.php\/wp-json\/wp\/v2\/pages\/12\/revisions"}],"predecessor-version":[{"id":469,"href":"https:\/\/dps-conseil.com\/index.php\/wp-json\/wp\/v2\/pages\/12\/revisions\/469"}],"wp:attachment":[{"href":"https:\/\/dps-conseil.com\/index.php\/wp-json\/wp\/v2\/media?parent=12"}],"curies":[{"name":"wp","href":"https:\/\/api.w.org\/{rel}","templated":true}]}}