{"id":147,"date":"2020-05-23T16:08:34","date_gmt":"2020-05-23T16:08:34","guid":{"rendered":"http:\/\/dps-conseil.com\/?page_id=147"},"modified":"2020-07-04T23:56:25","modified_gmt":"2020-07-04T23:56:25","slug":"nouveau","status":"publish","type":"page","link":"https:\/\/dps-conseil.com\/index.php\/nouveau\/","title":{"rendered":"Un Nouveau Monde de l&#8217;Energie."},"content":{"rendered":"<div data-label=\"About\" data-id=\"about--2\" data-export-id=\"about-images-right-section-mc\" data-category=\"about\" class=\"about-images-right-section content-section content-section-spacing\" id=\"about-2\" style=\"background-color: rgb(245, 250, 253);\">\n<div class=\"gridContainer\">\n<div class=\"row middle-sm text-center\">\n<div class=\"col-sm-5 content-left-sm\" data-type=\"column\">\n<h3 class=\"\" style=\"text-align: left;\"><span style=\"font-weight: 700;\"><span style=\"color: rgb(0, 128, 128);\">Dynamics Power Systems<br>\n<br>est une soci\u00e9t\u00e9 de conseil et services<br>\n<br>en gestion d\u2019\u00e9nergie et de solutions \u00e9nerg\u00e9tiques de pointe qui dessert le march\u00e9 de l\u2019industrie africaine.<\/span><\/span><\/h3>\n<p class=\"\" style=\"text-align: justify;\">Nous d\u00e9veloppons des perspectives strat\u00e9giques globales, identifions des solutions \u00e9nerg\u00e9tiques adapt\u00e9es et fournissons des services sur mesure pour nos clients dans les secteurs des services publics, des mines, du p\u00e9trole et du gaz, des b\u00e2timents commerciaux et industriels.<\/p>\n<p class=\"\" style=\"text-align: justify;\">Notre \u00e9quipe de consultants et d\u2019experts de l\u2019industrie a fait ses preuves depuis 15 ans dans les domaines de la durabilit\u00e9, de la fiabilit\u00e9 des performances op\u00e9rationnelles, de l\u2019efficacit\u00e9 \u00e9nerg\u00e9tique, de la r\u00e9silience \u00e9nerg\u00e9tique, des solutions de production d\u2019\u00e9lectricit\u00e9 connect\u00e9e ou isol\u00e9e du r\u00e9seau abordables et propres.<\/p>\n<\/div>\n<div class=\"col-sm-7 space-bottom-xs\">\n<div class=\"image-group-side-3-img\"> <img decoding=\"async\" class=\"topimg shadow-large\" src=\"http:\/\/dps-conseil.com\/wp-content\/uploads\/2020\/05\/cropped-Energy_Storage_Updater_June_2019-1.jpg\" alt=\"\" title=\"cropped-Energy_Storage_Updater_June_2019-1.jpg\"> <img decoding=\"async\" class=\"rightimg shadow-large\" src=\"http:\/\/dps-conseil.com\/wp-content\/uploads\/2020\/05\/gettyimages-1028297050-724x370-1.jpg\" alt=\"\" title=\"gettyimages-1028297050-724x370\"><p><\/p>\n<div class=\"leftimg\"> <img decoding=\"async\" class=\"shadow-large\" src=\"http:\/\/dps-conseil.com\/wp-content\/uploads\/2020\/05\/cropped-energy-management-1.jpg\" alt=\"\" title=\"cropped-energy-management-1.jpg\"><\/div>\n<\/div>\n<\/div>\n<\/div>\n<\/div>\n<\/div>\n<div data-label=\"Cta\" data-id=\"cta--1\" data-export-id=\"cta-centered-bg-section\" data-category=\"cta\" data-section-ov=\"1\" class=\"cta-centered-bg-section content-section content-section-spacing-medium white-text\" data-parallax-depth=\"20\" id=\"cta-1\" style=\"background-color: rgb(255, 255, 255); background-size: cover; background-position: center top; background-image: url(&quot;http:\/\/dps-conseil.com\/wp-content\/uploads\/2020\/05\/minigrid.jpg&quot;);\">\n<div class=\"gridContainer\">\n<div class=\"row text-center\">\n<div data-type=\"column\" class=\"\">\n<h2 class=\"\"><span style=\"font-weight: 700;\">Notre vision ultime pour l\u2019Afrique est de r\u00e9volutionner les infrastructures \u00e9nerg\u00e9tiques en offrant des solutions innovantes bas\u00e9es sur les derni\u00e8res technologies afin de d\u00e9mocratiser l\u2019acc\u00e8s \u00e0 l\u2019\u00e9nergie et d\u2019acc\u00e9l\u00e9rer le d\u00e9veloppement des villes et des villages du continent Africain.<\/span><\/h2>\n<\/div>\n<\/div>\n<\/div>\n<\/div>\n<div data-label=\"Content\" data-id=\"content--1\" data-export-id=\"content-8\" data-category=\"content\" class=\"content-8 content-section content-section-spacing\" id=\"content-1\" style=\"background-color: rgb(245, 250, 253);\">\n<div class=\"gridContainer\">\n<div class=\"row middle-sm\">\n<div class=\"col-sm-6 space-bottom-xs space-top-xs\" data-type=\"column\"> <img decoding=\"async\" class=\"shadow-large\" src=\"http:\/\/dps-conseil.com\/wp-content\/uploads\/2020\/05\/Global_PopulationWithoutElectricity_Africa.png\" alt=\"\" title=\"Global_PopulationWithoutElectricity_Africa\"><\/div>\n<div class=\"col-sm-6\" data-type=\"column\">\n<h4 class=\"\" style=\"text-align: justify;\"><span style=\"color: rgb(0, 128, 128);\">L\u2019environnement des risques en Afrique subsaharienne est une \u00e9quation de plus en plus complexe avec des facteurs \u00e9conomiques et environnementaux qui se recoupent et s\u2019influencent mutuellement :<\/span><\/h4>\n<p class=\"\">\u2013 L\u2019absence d\u2019infrastructures d\u2019alimentation \u00e9lectrique fiable et de qualit\u00e9.<br>\n<br>\u2013 La diversit\u00e9 et la constante \u00e9volution des politiques \u00e9nerg\u00e9tiques et lois r\u00e9glementaires nationales et r\u00e9gionales .<br>\n<br>\u2013 Des co\u00fbts volatils, des pratiques de d\u00e9douanement difficiles, des options de financement limit\u00e9es et des taxes \u00e9lev\u00e9es.<br>\u2013 Une connaissance limit\u00e9e des produits \u00e9lectriques \u00e9trangers et des normes d\u2019installation internationales.<br>\u2013 Une expertise locale inad\u00e9quate et un personnel mal form\u00e9.<br>\n<br>\u2013 Neuf des dix pays du monde les plus vuln\u00e9rable au changement climatique se trouvent en Afrique subsaharienne.<\/p>\n<h5 class=\"\" style=\"text-align: justify;\"><span style=\"color: rgb(0, 128, 128);\">En cons\u00e9quence, le segment des infrastructures \u00e9nerg\u00e9tiques en Afrique n\u2019est pas encore au niveau de fiabilit\u00e9, d\u2019efficacit\u00e9 et de croissance attendu et essentiel. Le secteur n\u2019attire pas non plus le nombre d\u2019investisseurs \u00e9trangers et priv\u00e9s qu\u2019il devrait, malgr\u00e9 toutes les promesses et le potentiel du continent.<\/span><\/h5>\n<\/div>\n<\/div>\n<\/div>\n<\/div>\n<div data-label=\"Content\" data-id=\"content--2\" data-export-id=\"content-8\" data-category=\"content\" class=\"content-8 content-section content-section-spacing\" id=\"content-2\" style=\"background-color: rgb(255, 255, 255);\">\n<div class=\"gridContainer\">\n<div data-section-title-area=\"true\" class=\"row text-center\">\n<div class=\"section-title-col\" data-type=\"column\">\n<h2 class=\"\"><span style=\"color: rgb(0, 128, 128); font-weight: 700;\">Notre Mission<\/span><\/h2>\n<p class=\"lead\"><span style=\"font-family: Muli, arial, helvetica, sans-serif; color: rgb(107, 124, 147); font-weight: 700;\">La mission de DPS est d\u2019aider au d\u00e9veloppement rapide<br>\n<br>d\u2019un approvisionnement durable en \u00e9nergie partout en Afrique.<\/span><\/p>\n<\/div>\n<\/div>\n<div class=\"row middle-sm\">\n<div class=\"col-sm-6 space-bottom-xs space-top-xs\" data-type=\"column\"> <img decoding=\"async\" class=\"shadow-large\" src=\"http:\/\/dps-conseil.com\/wp-content\/uploads\/2020\/05\/cropped-Africa-Solar-Panels-2.jpg\" alt=\"\" title=\"cropped-Africa-Solar-Panels-2.jpg\"><\/div>\n<div class=\"col-sm-6\" data-type=\"column\">\n<p class=\"\" style=\"text-align: justify;\">Notre objectif est d\u2019apporter un approvisionnement en \u00e9lectricit\u00e9 abordable, propre, fiable et de qualit\u00e9 aux secteurs industriels, commerciaux et r\u00e9sidentiels qui desservent les zones urbaines ainsi que rurales.<\/p>\n<p class=\"\" style=\"text-align: justify;\">Nous sommes pleinement engag\u00e9s et m\u00e9ticuleux dans l\u2019\u00e9valuation de la situation actuelle de nos clients, le d\u00e9veloppement de strat\u00e9gies de pointe, la fourniture de perspectives li\u00e9es \u00e0 la conformit\u00e9 r\u00e9glementaire, la conception et la mise en \u0153uvre de plans d\u2019action cruciaux, la pr\u00e9vision et l\u2019att\u00e9nuation des risques impr\u00e9vus et la fourniture de r\u00e9sultats dans la plupart des secteurs de l\u2019\u00e9nergie :<\/p>\n<p class=\"\" style=\"text-align: justify;\">\u2013 R\u00e9gie d\u2019\u00e9lectricit\u00e9: Smart Grid, syst\u00e8mes avanc\u00e9es de gestion et de supvervision du r\u00e9seau et des ses ouvrages, syst\u00e8mes d\u2019automatisation des postes et des d\u00e9parts, gestion et comptage int\u00e9ligent.<\/p>\n<p class=\"\" style=\"text-align: justify;\">\u2013 Commercial et industriel: syst\u00e8mes de gestion de l\u2019\u00e9nergie, gestion des actifs, outils de maintenance \u00e0 l\u2019aide de la r\u00e9alit\u00e9 augment\u00e9e, salles de formation en r\u00e9alit\u00e9 virtuelle.<\/p>\n<p class=\"\" style=\"text-align: justify;\">\u2013 \u00c9nergie propre \/ durable: syst\u00e8mes de gestion de l\u2019\u00e9nergie et  de batterie pour les micro-r\u00e9seaux solaires et hybrides.<\/p>\n<\/div>\n<\/div>\n<\/div>\n<\/div>\n<div data-label=\"Features\" data-id=\"features--1\" data-export-id=\"features-16-card-bordered-colored\" data-category=\"features\" class=\"features-16-card-bordered-colored content-section content-section-spacing\" id=\"features-1\" style=\"background-color: rgb(245, 250, 253);\">\n<div class=\"gridContainer\">\n<div class=\"row text-center\">\n<div class=\"section-title-col\" data-type=\"column\">\n<h2 class=\"\"><span style=\"color: rgb(0, 128, 128); font-weight: 700;\">Notre Expertise &amp; Nos Services\u2026<\/span><\/h2>\n<p class=\"lead\"><span style=\"font-family: Muli, arial, helvetica, sans-serif; font-weight: 700; color: rgb(107, 124, 147);\">Nous comblons l\u2019\u00e9cart entre le contexte local et les derni\u00e8res technologies en r\u00e9unissant les bonnes personnes, les processus les plus efficaces et les technologies les plus innovantes.<\/span><\/p>\n<\/div>\n<\/div>\n<div class=\"row spaced-cols\" data-type=\"row\">\n<div class=\"col-xs-12 col-sm-6 col-md-3 \">\n<div class=\"card no-padding bottom-border-color1\"> <img decoding=\"async\" class=\"face\" src=\"http:\/\/dps-conseil.com\/wp-content\/uploads\/2020\/05\/cropped-strengthening_sales_and_operations_planning_analysis_wide-2.jpg\" alt=\"\" title=\"cropped-strengthening_sales_and_operations_planning_analysis_wide-2.jpg\"><p><\/p>\n<div data-type=\"column\" class=\"col-padding-small col-padding-small-xs description-container\">\n<h4 class=\"font-500 color1\" style=\"text-align: center;\">Am\u00e9liorez<\/h4>\n<p class=\"\">Lorem ipsum dolor sit amet, consectetur adipiscing elit, sed do eiusmod tempor incididunt ut labore et dolore magna aliqua. Ut enim ad minim veniam, quis nostrud exercitation.<\/p>\n<\/div>\n<div data-type=\"column\" class=\"col-padding-small col-padding-small-xs read-more-container\"><a class=\"read-more\" href=\"#\" target=\"_self\" data-cp-link=\"1\" rel=\"noopener noreferrer\">En Savoir Plus\u2026<\/a><\/div>\n<\/div>\n<\/div>\n<div class=\"col-xs-12 col-sm-6 col-md-3 \">\n<div class=\"card no-padding bottom-border-color1\"> <img decoding=\"async\" class=\"face\" src=\"http:\/\/dps-conseil.com\/wp-content\/uploads\/2020\/05\/cropped-11-1-scaled-3.jpg\" alt=\"\" title=\"cropped-11-1-scaled-3.jpg\"><p><\/p>\n<div data-type=\"column\" class=\"col-padding-small col-padding-small-xs description-container\">\n<h4 class=\"font-500 color1\" style=\"text-align: center;\">Optimisez<\/h4>\n<p class=\"\">Lorem ipsum dolor sit amet, consectetur adipiscing elit, sed do eiusmod tempor incididunt ut labore et dolore magna aliqua. Ut enim ad minim veniam, quis nostrud exercitation.<\/p>\n<\/div>\n<div data-type=\"column\" class=\"col-padding-small col-padding-small-xs read-more-container\"><a class=\"read-more\" href=\"#\" target=\"_self\" data-cp-link=\"1\" rel=\"noopener noreferrer\">En Savoir Plus\u2026<\/a><\/div>\n<\/div>\n<\/div>\n<div class=\"col-xs-12 col-sm-6 col-md-3 \">\n<div class=\"card no-padding bottom-border-color1\"> <img decoding=\"async\" class=\"face\" src=\"http:\/\/dps-conseil.com\/wp-content\/uploads\/2020\/05\/cropped-artificial-intelligence-768x512-1-2.jpg\" alt=\"\" title=\"cropped-artificial-intelligence-768x512-1-2.jpg\"><p><\/p>\n<div data-type=\"column\" class=\"col-padding-small col-padding-small-xs description-container\">\n<h4 class=\"font-500 color1\" style=\"text-align: center;\">Exploitez<\/h4>\n<p class=\"\">Lorem ipsum dolor sit amet, consectetur adipiscing elit, sed do eiusmod tempor incididunt ut labore et dolore magna aliqua. Ut enim ad minim veniam, quis nostrud exercitation.<\/p>\n<\/div>\n<div data-type=\"column\" class=\"col-padding-small col-padding-small-xs read-more-container\"><a class=\"read-more\" href=\"#\" target=\"_self\" data-cp-link=\"1\" rel=\"noopener noreferrer\">En Savoir Plus\u2026<\/a><\/div>\n<\/div>\n<\/div>\n<div class=\"col-xs-12 col-sm-6 col-md-3\">\n<div class=\"card no-padding bottom-border-color1\"> <img decoding=\"async\" class=\"face\" src=\"http:\/\/dps-conseil.com\/wp-content\/uploads\/2020\/05\/cropped-pic10-1-flip-2.jpg\" alt=\"\" title=\"cropped-pic10-1-flip-2.jpg\"><p><\/p>\n<div data-type=\"column\" class=\"col-padding-small col-padding-small-xs description-container\">\n<h4 class=\"font-500 color1\" style=\"text-align: center;\">Responsabilisons<\/h4>\n<p class=\"\">Lorem ipsum dolor sit amet, consectetur adipiscing elit, sed do eiusmod tempor incididunt ut labore et dolore magna aliqua. Ut enim ad minim veniam, quis nostrud exercitation.<\/p>\n<\/div>\n<div data-type=\"column\" class=\"col-padding-small col-padding-small-xs read-more-container\"><a class=\"read-more\" href=\"#\" target=\"_self\" data-cp-link=\"1\" rel=\"noopener noreferrer\">En Savoir Plus\u2026<\/a><\/div>\n<\/div>\n<\/div>\n<\/div>\n<\/div>\n<\/div>\n\n","protected":false},"excerpt":{"rendered":"<p>Dynamics Power Systems est une soci\u00e9t\u00e9 de conseil et services en gestion d\u2019\u00e9nergie et de solutions \u00e9nerg\u00e9tiques de pointe qui dessert le march\u00e9 de l\u2019industrie africaine. Nous d\u00e9veloppons des perspectives strat\u00e9giques globales, identifions des solutions \u00e9nerg\u00e9tiques adapt\u00e9es et fournissons des services sur mesure pour nos clients dans les secteurs des services publics, des mines, du&hellip; <br \/> <a class=\"read-more\" href=\"https:\/\/dps-conseil.com\/index.php\/nouveau\/\">Read more<\/a><\/p>\n","protected":false},"author":1,"featured_media":0,"parent":0,"menu_order":0,"comment_status":"closed","ping_status":"closed","template":"pro\/page-templates\/full-width-page.php","meta":{"footnotes":""},"class_list":["post-147","page","type-page","status-publish","hentry"],"_links":{"self":[{"href":"https:\/\/dps-conseil.com\/index.php\/wp-json\/wp\/v2\/pages\/147","targetHints":{"allow":["GET"]}}],"collection":[{"href":"https:\/\/dps-conseil.com\/index.php\/wp-json\/wp\/v2\/pages"}],"about":[{"href":"https:\/\/dps-conseil.com\/index.php\/wp-json\/wp\/v2\/types\/page"}],"author":[{"embeddable":true,"href":"https:\/\/dps-conseil.com\/index.php\/wp-json\/wp\/v2\/users\/1"}],"replies":[{"embeddable":true,"href":"https:\/\/dps-conseil.com\/index.php\/wp-json\/wp\/v2\/comments?post=147"}],"version-history":[{"count":26,"href":"https:\/\/dps-conseil.com\/index.php\/wp-json\/wp\/v2\/pages\/147\/revisions"}],"predecessor-version":[{"id":470,"href":"https:\/\/dps-conseil.com\/index.php\/wp-json\/wp\/v2\/pages\/147\/revisions\/470"}],"wp:attachment":[{"href":"https:\/\/dps-conseil.com\/index.php\/wp-json\/wp\/v2\/media?parent=147"}],"curies":[{"name":"wp","href":"https:\/\/api.w.org\/{rel}","templated":true}]}}