{"id":216,"date":"2020-05-23T20:45:58","date_gmt":"2020-05-23T20:45:58","guid":{"rendered":"http:\/\/dps-conseil.com\/?page_id=216"},"modified":"2020-07-04T22:35:39","modified_gmt":"2020-07-04T22:35:39","slug":"nos-services","status":"publish","type":"page","link":"https:\/\/dps-conseil.com\/index.php\/nos-services\/","title":{"rendered":"Notre Expertise &#038; Nos Services&#8230;"},"content":{"rendered":"<div  data-label=\"Expertise\" data-id=\"features--2\" data-export-id=\"features-16-card-bordered-colored\" data-category=\"features\" class=\"features-16-card-bordered-colored content-section content-section-spacing\" id=\"expertise-1\" style=\"background-color: rgb(255, 255, 255); background-image: none;\"><div  class=\"gridContainer\"> <div  class=\"row text-center\"><div  class=\"section-title-col\" data-type=\"column\"> <h2  class=\"\"><span  style=\"color: rgb(0, 128, 128); font-weight: 700;\">Notre Expertise\u2026<\/span><\/h2> <p  class=\"lead\">Notre \u00e9quipe de consultants et d\u2019experts de l\u2019industrie a fait ses preuves depuis 15 ans dans les domaines de la durabilit\u00e9, de la fiabilit\u00e9 des performances op\u00e9rationnelles, de l\u2019efficacit\u00e9 \u00e9nerg\u00e9tique, de la r\u00e9silience \u00e9nerg\u00e9tique, des solutions de production d\u2019\u00e9lectricit\u00e9 connect\u00e9e ou isol\u00e9e du r\u00e9seau abordables et propres.<\/p><\/div> <\/div> <div  class=\"row spaced-cols\" data-type=\"row\"> <div  class=\"col-xs-12 col-sm-6 col-md-3 \"> <div  class=\"card no-padding bottom-border-color1\"> <img decoding=\"async\"  class=\"face\" src=\"http:\/\/dps-conseil.com\/wp-content\/uploads\/2020\/05\/cropped-strengthening_sales_and_operations_planning_analysis_wide-4.jpg\" alt=\"\" title=\"cropped-strengthening_sales_and_operations_planning_analysis_wide-4.jpg\"> <div  data-type=\"column\" class=\"col-padding-small col-padding-small-xs description-container\"> <h4  class=\"font-500 color1\" style=\"text-align: center;\">Am\u00e9liorer<\/h4> <p  class=\"\">Lorem ipsum dolor sit amet, consectetur adipiscing elit, sed do eiusmod tempor incididunt ut labore et dolore magna aliqua. Ut enim ad minim veniam, quis nostrud exercitation.<\/p><\/div> <div  data-type=\"column\" class=\"col-padding-small col-padding-small-xs read-more-container\"><a  class=\"read-more\">learn more<\/a><\/div> <\/div><\/div> <div  class=\"col-xs-12 col-sm-6 col-md-3 \"><div  class=\"card no-padding bottom-border-color1\"> <img decoding=\"async\"  class=\"face\" src=\"http:\/\/dps-conseil.com\/wp-content\/uploads\/2020\/05\/cropped-11-1-scaled-4.jpg\" alt=\"\" title=\"cropped-11-1-scaled-4.jpg\"> <div  data-type=\"column\" class=\"col-padding-small col-padding-small-xs description-container\"> <h4  class=\"font-500 color1\" style=\"text-align: center;\">Optimiser<\/h4> <p  class=\"\">Lorem ipsum dolor sit amet, consectetur adipiscing elit, sed do eiusmod tempor incididunt ut labore et dolore magna aliqua. Ut enim ad minim veniam, quis nostrud exercitation.<\/p><\/div> <div  data-type=\"column\" class=\"col-padding-small col-padding-small-xs read-more-container\"><a  class=\"read-more\">learn more<\/a><\/div> <\/div><\/div> <div  class=\"col-xs-12 col-sm-6 col-md-3 \"><div  class=\"card no-padding bottom-border-color1\"> <img decoding=\"async\"  class=\"face\" src=\"http:\/\/dps-conseil.com\/wp-content\/uploads\/2020\/05\/cropped-artificial-intelligence-768x512-1-3.jpg\" alt=\"\" title=\"cropped-artificial-intelligence-768x512-1-3.jpg\"> <div  data-type=\"column\" class=\"col-padding-small col-padding-small-xs description-container\"> <h4  class=\"font-500 color1\" style=\"text-align: center;\">Exploiter<\/h4> <p  class=\"\">Lorem ipsum dolor sit amet, consectetur adipiscing elit, sed do eiusmod tempor incididunt ut labore et dolore magna aliqua. Ut enim ad minim veniam, quis nostrud exercitation.<\/p><\/div> <div  data-type=\"column\" class=\"col-padding-small col-padding-small-xs read-more-container\"><a  class=\"read-more\">learn more<\/a><\/div> <\/div><\/div> <div  class=\"col-xs-12 col-sm-6 col-md-3\"> <div  class=\"card no-padding bottom-border-color1\"> <img decoding=\"async\"  class=\"face\" src=\"http:\/\/dps-conseil.com\/wp-content\/uploads\/2020\/05\/cropped-pic10-1-flip-3.jpg\" alt=\"\" title=\"cropped-pic10-1-flip-3.jpg\"> <div  data-type=\"column\" class=\"col-padding-small col-padding-small-xs description-container\"> <h4  class=\"font-500 color1\" style=\"text-align: center;\">Responsabiliser\n<\/h4> <p  class=\"\">Lorem ipsum dolor sit amet, consectetur adipiscing elit, sed do eiusmod tempor incididunt ut labore et dolore magna aliqua. Ut enim ad minim veniam, quis nostrud exercitation.<\/p><\/div> <div  data-type=\"column\" class=\"col-padding-small col-padding-small-xs read-more-container\"><a  class=\"read-more\">learn more<\/a><\/div> <\/div><\/div><\/div><\/div> <\/div><div  data-label=\"Services\" data-id=\"features--1\" data-export-id=\"features-5\" data-category=\"features\" class=\"features-5 content-section-spacing content-relative\" id=\"services-1\" style=\"background-color: rgb(245, 250, 253); background-image: url(&quot;http:\/\/dps-conseil.com\/wp-content\/uploads\/2020\/05\/csm_alpiq_digital_energy_solutions_2340x1000_dde0cf8c21.jpg&quot;); background-size: cover; background-position: center top;\" data-section-ov=\"1\"><div  class=\"gridContainer\"> <div  class=\"row text-center\"><div  class=\"section-title-col\" data-type=\"column\"> <h2  class=\"\"><span  style=\"color: rgb(0, 128, 128); font-family: Muli, arial, helvetica, sans-serif; font-weight: 700;\">Nos Services\u2026<\/span><\/h2> <p  class=\"lead\"><span  style=\"font-weight: 700;\">Nous comblons l\u2019\u00e9cart entre le contexte local et les derni\u00e8res technologies en r\u00e9unissant les bonnes personnes, les processus les plus efficaces et les technologies les plus innovantes.<\/span><\/p><p  class=\"lead\"><span  style=\"font-weight: 400;\">Nous conduisons des projets du concept \u00e0 l\u2019exploitation en offrant des conseils d\u2019experts, en formant les ressources de nos clients et en mettant en \u0153uvre des solutions \u00e0 travers une myriade de bonnes pratiques en gestion de l\u2019\u00e9nergie :<\/span><\/p><\/div> <\/div> <div  class=\"row text-center\" data-type=\"row\"> <div  class=\"col-xs-12 col-sm-4 col-md-4 col-padding-small\"> <div  class=\"number-container\"> <div  class=\"link-line left bg-color1\"><\/div> <p  class=\"number border-color1 color1\"><span >1<\/span><\/p> <div  class=\"link-line right bg-color1\"><\/div><\/div> <div  data-type=\"column\" class=\"\"><h5  class=\"\"><span  style=\"color: rgb(0, 128, 128);\">Conseil et Strat\u00e9gie<\/span><\/h5> <p  class=\"text-center\">Lorem ipsum dolor sit amet, consectetur adipiscing elit, sed do eiusmod tempor incididunt ut labore et dolore magna aliqua. Ut enim ad minim veniam, quis nostrud exercitation.<\/p><\/div> <\/div> <div  class=\"col-xs-12 col-sm-4 col-md-4 col-padding-small\"> <div  class=\"number-container\"> <div  class=\"link-line left bg-color1\"><\/div> <p  class=\"number border-color1 color1\"><span >2<\/span><\/p> <div  class=\"link-line right bg-color1\"><\/div><\/div> <div  data-type=\"column\" class=\"\"><h5  class=\"\"><span  style=\"color: rgb(0, 128, 128);\">Audit et \u00c9valuation<\/span><\/h5> <p  class=\"text-center\">Lorem ipsum dolor sit amet, consectetur adipiscing elit, sed do eiusmod tempor incididunt ut labore et dolore magna aliqua. Ut enim ad minim veniam, quis nostrud exercitation.<\/p><\/div><\/div> <div  class=\"col-xs-12 col-sm-4 col-md-4 col-padding-small\"><div  class=\"number-container\"> <div  class=\"link-line left bg-color1\"><\/div> <p  class=\"number border-color1 color1\"><span >3<\/span><\/p> <div  class=\"link-line right bg-color1\"><\/div><\/div> <div  data-type=\"column\" class=\"\"><h5  class=\"\"><span  style=\"color: rgb(0, 128, 128);\">\u00c9tudes et Planification<\/span><\/h5> <p  class=\"text-center\">Lorem ipsum dolor sit amet, consectetur adipiscing elit, sed do eiusmod tempor incididunt ut labore et dolore magna aliqua. Ut enim ad minim veniam, quis nostrud exercitation.<\/p><\/div> <\/div><div  class=\"col-xs-12 col-sm-4 col-md-4 col-padding-small\"> <div  class=\"number-container\"> <div  class=\"link-line left bg-color1\"><\/div> <p  class=\"number border-color1 color1\"><span >4<\/span><\/p> <div  class=\"link-line right bg-color1\"><\/div><\/div> <div  data-type=\"column\" class=\"\"><h5  class=\"\"><span  style=\"color: rgb(0, 128, 128);\">Ing\u00e9nierie et Services<\/span><\/h5> <p  class=\"text-center\">Lorem ipsum dolor sit amet, consectetur adipiscing elit, sed do eiusmod tempor incididunt ut labore et dolore magna aliqua. Ut enim ad minim veniam, quis nostrud exercitation.<\/p><\/div> <\/div><div  class=\"col-xs-12 col-sm-4 col-md-4 col-padding-small\"> <div  class=\"number-container\"> <div  class=\"link-line left bg-color1\"><\/div> <p  class=\"number border-color1 color1\"><span >5<\/span><\/p> <div  class=\"link-line right bg-color1\"><\/div><\/div> <div  data-type=\"column\" class=\"\"><h5  class=\"\">Maintenance et Formation<\/h5> <p  class=\"text-center\">Lorem ipsum dolor sit amet, consectetur adipiscing elit, sed do eiusmod tempor incididunt ut labore et dolore magna aliqua. Ut enim ad minim veniam, quis nostrud exercitation.<\/p><\/div> <\/div><div  class=\"col-xs-12 col-sm-4 col-md-4 col-padding-small\"> <div  class=\"number-container\"> <div  class=\"link-line left bg-color1\"><\/div> <p  class=\"number border-color1 color1\"><span >6<\/span><\/p> <div  class=\"link-line right bg-color1\"><\/div><\/div> <div  data-type=\"column\" class=\"\"><h5  class=\"\"><span  style=\"color: rgb(0, 128, 128);\">Digitalisation des op\u00e9rations<\/span><\/h5> <p  class=\"text-center\">Lorem ipsum dolor sit amet, consectetur adipiscing elit, sed do eiusmod tempor incididunt ut labore et dolore magna aliqua. Ut enim ad minim veniam, quis nostrud exercitation.<\/p><\/div> <\/div><\/div> <\/div><\/div>","protected":false},"excerpt":{"rendered":"<p>Notre Expertise\u2026 Notre \u00e9quipe de consultants et d\u2019experts de l\u2019industrie a fait ses preuves depuis 15 ans dans les domaines de la durabilit\u00e9, de la fiabilit\u00e9 des performances op\u00e9rationnelles, de l\u2019efficacit\u00e9 \u00e9nerg\u00e9tique, de la r\u00e9silience \u00e9nerg\u00e9tique, des solutions de production d\u2019\u00e9lectricit\u00e9 connect\u00e9e ou isol\u00e9e du r\u00e9seau abordables et propres. Am\u00e9liorer Lorem ipsum dolor sit amet,&hellip; <br \/> <a class=\"read-more\" href=\"https:\/\/dps-conseil.com\/index.php\/nos-services\/\">Read more<\/a><\/p>\n","protected":false},"author":1,"featured_media":0,"parent":0,"menu_order":0,"comment_status":"closed","ping_status":"closed","template":"pro\/page-templates\/full-width-page.php","meta":{"footnotes":""},"class_list":["post-216","page","type-page","status-publish","hentry"],"_links":{"self":[{"href":"https:\/\/dps-conseil.com\/index.php\/wp-json\/wp\/v2\/pages\/216","targetHints":{"allow":["GET"]}}],"collection":[{"href":"https:\/\/dps-conseil.com\/index.php\/wp-json\/wp\/v2\/pages"}],"about":[{"href":"https:\/\/dps-conseil.com\/index.php\/wp-json\/wp\/v2\/types\/page"}],"author":[{"embeddable":true,"href":"https:\/\/dps-conseil.com\/index.php\/wp-json\/wp\/v2\/users\/1"}],"replies":[{"embeddable":true,"href":"https:\/\/dps-conseil.com\/index.php\/wp-json\/wp\/v2\/comments?post=216"}],"version-history":[{"count":13,"href":"https:\/\/dps-conseil.com\/index.php\/wp-json\/wp\/v2\/pages\/216\/revisions"}],"predecessor-version":[{"id":443,"href":"https:\/\/dps-conseil.com\/index.php\/wp-json\/wp\/v2\/pages\/216\/revisions\/443"}],"wp:attachment":[{"href":"https:\/\/dps-conseil.com\/index.php\/wp-json\/wp\/v2\/media?parent=216"}],"curies":[{"name":"wp","href":"https:\/\/api.w.org\/{rel}","templated":true}]}}